{"id":10,"date":"2016-09-15T18:35:22","date_gmt":"2016-09-15T18:35:22","guid":{"rendered":"http:\/\/acquapurafiltro.com.br\/?page_id=10"},"modified":"2016-09-15T19:55:58","modified_gmt":"2016-09-15T19:55:58","slug":"refil-acquapura","status":"publish","type":"page","link":"https:\/\/acquapurafiltro.com.br\/index.php\/refil-acquapura\/","title":{"rendered":"Refil Acquapura"},"content":{"rendered":"<div id=\"pl-10\"  class=\"panel-layout\" ><div id=\"pg-10-0\"  class=\"panel-grid panel-no-style\" ><div id=\"pgc-10-0-0\"  class=\"panel-grid-cell\" ><div id=\"panel-10-0-0-0\" class=\"so-panel widget widget_sow-editor panel-first-child panel-last-child\" data-index=\"0\" ><div\n\t\t\t\n\t\t\tclass=\"so-widget-sow-editor so-widget-sow-editor-base\"\n\t\t\t\n\t\t>\n<div class=\"siteorigin-widget-tinymce textwidget\">\n\t<p><strong>Composi\u00e7\u00e3o do Refil:<\/strong><\/p>\n<p><strong>:: Carv\u00e3o Ativado<\/strong> (Filtro de \u00c1gua Acquapura)<br \/>\nUtiliza\u00e7\u00e3o de carv\u00e3o ativado exposta \u00e0 alt\u00edssima temperatura e com granulometria muito fina capaz de elimininar 100% de cloro residual conforme laudo de an\u00e1lise do Instituto Adolfo Lutz, al\u00e9m de atuar em outras impurezas org\u00e2nicas e qu\u00edmicas como o Sulfato de Alum\u00ednio, Hidr\u00f3xido de C\u00e1lcio e Trihalometanos. Elimina tamb\u00e9m o odor caracter\u00edstico encontrado na \u00e0gua pr\u00e9-tratada.<\/p>\n<p><strong>:: Carv\u00e3o Bi-Ativado Impregnado com Prata Coloidal<\/strong> (Filtro de \u00c1gua Acquapura)<br \/>\nO carv\u00e3o ativado com prata coloidal tem fun\u00e7\u00e3o bacteriost\u00e1tica, isto \u00e9, inibe a prolifera\u00e7\u00e3o de bact\u00e9rias, eliminando sua reprodu\u00e7\u00e3o.<br \/>\n<strong><br \/>\n:: Cristai de Quartzo e Dolomita<\/strong> (Filtro de \u00c1gua Acquapura)<br \/>\nPossuem fun\u00e7\u00f5es de auxiliar na reten\u00e7\u00e3o de impurezas s\u00f3lidas em suspen\u00e7\u00e3o, al\u00e9m de reter o limo e o lodo. Adiciona c\u00e1lcio (Ca) e Magn\u00e9sio(Mg) na \u00e0gua e corrige o PH da \u00e0gua par 7.2, o que far\u00e1 com que a \u00e0gua n\u00e3o esteja nem alcalina e nem \u00e1cida.<\/p>\n<p><strong>:: Feltros Antiaf\u00eddicos<\/strong> (Filtro de \u00c1gua Acquapura)<br \/>\nOs feltros antiaf\u00eddicos possuem a fun\u00e7\u00e3o de reter as impurezas s\u00f3lidas (pequenos peda\u00e7os de madeiras, insetos em decomposi\u00e7\u00e3o, fagulhas de ferro dos encanamentos, etc.) oriundas do encanamento de \u00e0gua ou da caixa d\u00b4\u00e0gua.<\/p>\n<p><strong>:: Espumas de C\u00e9lulas Abertas<\/strong> (Filtro de \u00c1gua Acquapura)<br \/>\nAs espumas de c\u00e9lulas abertas possuem fun\u00e7\u00e3o de auxiliar no processo de filtragem e purifica\u00e7\u00e3o da \u00e1gua, retendo poss\u00edveis impurezas s\u00f3lidas ainda existentes. (Utilizadas tamb\u00e9m em equipamentos de hemodi\u00e1lise).<\/p>\n<p><strong>:: Tela Microtexturizada<\/strong> (Filtro de \u00c1gua Acquapura)<br \/>\nA tela microtexturizada possui fun\u00e7\u00e3o de auxilia na reten\u00e7\u00e3o de poss\u00edveis impurezas s\u00f3lidas, al\u00e9m de funcionar como separador dos elementos minerais internos.<\/p>\n<p><strong>:: Resina Cati\u00f4nica<\/strong> (RC 200) (Filtro de \u00c1gua Acquapura)<br \/>\nElimina metais pesados da \u00e1gua, tais como mangan\u00eas, chumbo, cobre, cadmio, cromo e ferro.<\/p>\n<\/div>\n<\/div><\/div><\/div><\/div><\/div>","protected":false},"excerpt":{"rendered":"<p>Composi\u00e7\u00e3o do Refil: :: Carv\u00e3o Ativado (Filtro de \u00c1gua Acquapura) Utiliza\u00e7\u00e3o de carv\u00e3o ativado exposta \u00e0 alt\u00edssima temperatura e com granulometria muito fina capaz de elimininar 100% de cloro residual conforme laudo de an\u00e1lise do Instituto Adolfo Lutz, al\u00e9m de atuar em outras impurezas org\u00e2nicas e qu\u00edmicas como o Sulfato de Alum\u00ednio, Hidr\u00f3xido de C\u00e1lcio [&hellip;]<\/p>\n","protected":false},"author":1,"featured_media":0,"parent":0,"menu_order":0,"comment_status":"closed","ping_status":"closed","template":"","meta":{"footnotes":""},"class_list":["post-10","page","type-page","status-publish","hentry"],"_links":{"self":[{"href":"https:\/\/acquapurafiltro.com.br\/index.php\/wp-json\/wp\/v2\/pages\/10","targetHints":{"allow":["GET"]}}],"collection":[{"href":"https:\/\/acquapurafiltro.com.br\/index.php\/wp-json\/wp\/v2\/pages"}],"about":[{"href":"https:\/\/acquapurafiltro.com.br\/index.php\/wp-json\/wp\/v2\/types\/page"}],"author":[{"embeddable":true,"href":"https:\/\/acquapurafiltro.com.br\/index.php\/wp-json\/wp\/v2\/users\/1"}],"replies":[{"embeddable":true,"href":"https:\/\/acquapurafiltro.com.br\/index.php\/wp-json\/wp\/v2\/comments?post=10"}],"version-history":[{"count":11,"href":"https:\/\/acquapurafiltro.com.br\/index.php\/wp-json\/wp\/v2\/pages\/10\/revisions"}],"predecessor-version":[{"id":33,"href":"https:\/\/acquapurafiltro.com.br\/index.php\/wp-json\/wp\/v2\/pages\/10\/revisions\/33"}],"wp:attachment":[{"href":"https:\/\/acquapurafiltro.com.br\/index.php\/wp-json\/wp\/v2\/media?parent=10"}],"curies":[{"name":"wp","href":"https:\/\/api.w.org\/{rel}","templated":true}]}}