{"id":25,"date":"2016-09-15T19:34:01","date_gmt":"2016-09-15T19:34:01","guid":{"rendered":"http:\/\/acquapurafiltro.com.br\/?page_id=25"},"modified":"2016-09-15T19:34:01","modified_gmt":"2016-09-15T19:34:01","slug":"acquapura","status":"publish","type":"page","link":"https:\/\/acquapurafiltro.com.br\/index.php\/acquapura\/","title":{"rendered":"Acquapura"},"content":{"rendered":"<div id=\"pl-25\"  class=\"panel-layout\" ><div id=\"pg-25-0\"  class=\"panel-grid panel-no-style\" ><div id=\"pgc-25-0-0\"  class=\"panel-grid-cell\" ><div id=\"panel-25-0-0-0\" class=\"so-panel widget widget_sow-editor panel-first-child panel-last-child\" data-index=\"0\" ><div\n\t\t\t\n\t\t\tclass=\"so-widget-sow-editor so-widget-sow-editor-base\"\n\t\t\t\n\t\t>\n<div class=\"siteorigin-widget-tinymce textwidget\">\n\t<p><strong>Acquapura - Acquapura Filtros<\/p>\n<p>Porque escolher o Purificador Acquapura?<\/strong><\/p>\n<p><strong>1. Economia:<\/strong><br \/>\nO melhor custo benef\u00edcio do mercado.<br \/>\nAl\u00e9m da economia voc\u00ea ter\u00e1 a certeza da origem da \u00e1gua que sua fam\u00edlia consome e ainda ter os benef\u00edcios da \u00e1gua magnetizada.<br \/>\nUm litro de \u00e1gua mineral custa cinco vezes mais que um litro de \u00e1gua purificada pelo Acquapura.<br \/>\nEnquanto os refis de outras marcas devem ser trocados de 3 a 4 meses, o refil do Purificador Acquapura \u00e9 trocado 1 vez por ano aproximadamente.<br \/>\nEconomia durante o ano todo!<br \/>\n<strong><br \/>\n2. Higiene e Sa\u00fade<\/strong><br \/>\nAl\u00e9m de poder tomar uma \u00e1gua de \u00f3tima qualidade, purificada no Acquapura, \u00e9 f\u00e1cil de transportar, limpar e verificar o processo de purifica\u00e7\u00e3o.<br \/>\nVoc\u00ea sabe como fazem a esteriliza\u00e7\u00e3o da \u00e1gua em gal\u00f5es?<br \/>\nE por quantos lugares este gal\u00e3o j\u00e1 passou?<br \/>\nAl\u00e9m de ter um design moderno, bonito e resistente o Purificador de \u00c1gua Acquapura:<br \/>\nFiltra, Purifica, Esteriliza, Mineraliza e Magnetiza a sua \u00e0gua.<\/p>\n<p>Existem v\u00e1rias raz\u00f5es para se ter um Purificador Acquapura!<br \/>\nCompre o seu e verifique pessoalmente todos os benef\u00edcios que o melhor sistema port\u00e1til de purifica\u00e7\u00e3o e magnetiza\u00e7\u00e3o da \u00e1gua pode lhe oferecer.<\/p>\n<p><strong>Purificador de \u00e0gua Acquapura: \" Nosso compromisso....sua qualidade de vida!\"<\/strong><\/p>\n<\/div>\n<\/div><\/div><\/div><\/div><\/div>","protected":false},"excerpt":{"rendered":"<p>Acquapura &#8211; Acquapura Filtros Porque escolher o Purificador Acquapura? 1. Economia: O melhor custo benef\u00edcio do mercado. Al\u00e9m da economia voc\u00ea ter\u00e1 a certeza da origem da \u00e1gua que sua fam\u00edlia consome e ainda ter os benef\u00edcios da \u00e1gua magnetizada. Um litro de \u00e1gua mineral custa cinco vezes mais que um litro de \u00e1gua purificada [&hellip;]<\/p>\n","protected":false},"author":1,"featured_media":0,"parent":0,"menu_order":0,"comment_status":"closed","ping_status":"closed","template":"","meta":{"footnotes":""},"class_list":["post-25","page","type-page","status-publish","hentry"],"_links":{"self":[{"href":"https:\/\/acquapurafiltro.com.br\/index.php\/wp-json\/wp\/v2\/pages\/25","targetHints":{"allow":["GET"]}}],"collection":[{"href":"https:\/\/acquapurafiltro.com.br\/index.php\/wp-json\/wp\/v2\/pages"}],"about":[{"href":"https:\/\/acquapurafiltro.com.br\/index.php\/wp-json\/wp\/v2\/types\/page"}],"author":[{"embeddable":true,"href":"https:\/\/acquapurafiltro.com.br\/index.php\/wp-json\/wp\/v2\/users\/1"}],"replies":[{"embeddable":true,"href":"https:\/\/acquapurafiltro.com.br\/index.php\/wp-json\/wp\/v2\/comments?post=25"}],"version-history":[{"count":1,"href":"https:\/\/acquapurafiltro.com.br\/index.php\/wp-json\/wp\/v2\/pages\/25\/revisions"}],"predecessor-version":[{"id":26,"href":"https:\/\/acquapurafiltro.com.br\/index.php\/wp-json\/wp\/v2\/pages\/25\/revisions\/26"}],"wp:attachment":[{"href":"https:\/\/acquapurafiltro.com.br\/index.php\/wp-json\/wp\/v2\/media?parent=25"}],"curies":[{"name":"wp","href":"https:\/\/api.w.org\/{rel}","templated":true}]}}