{"id":34,"date":"2016-09-15T19:59:48","date_gmt":"2016-09-15T19:59:48","guid":{"rendered":"http:\/\/acquapurafiltro.com.br\/?page_id=34"},"modified":"2024-11-20T00:21:53","modified_gmt":"2024-11-20T00:21:53","slug":"produtos","status":"publish","type":"page","link":"https:\/\/acquapurafiltro.com.br\/index.php\/produtos\/","title":{"rendered":"Produtos"},"content":{"rendered":"<div id=\"pl-34\"  class=\"panel-layout\" ><div id=\"pg-34-0\"  class=\"panel-grid panel-no-style\" ><div id=\"pgc-34-0-0\"  class=\"panel-grid-cell\" ><div id=\"panel-34-0-0-0\" class=\"so-panel widget widget_sow-editor panel-first-child panel-last-child\" data-index=\"0\" ><div\n\t\t\t\n\t\t\tclass=\"so-widget-sow-editor so-widget-sow-editor-base\"\n\t\t\t\n\t\t>\n<div class=\"siteorigin-widget-tinymce textwidget\">\n\t<p><img loading=\"lazy\" decoding=\"async\" class=\"alignnone wp-image-12 size-full\" src=\"http:\/\/acquapurafiltro.com.br\/wp-content\/uploads\/2016\/09\/refil.jpg\" alt=\"refil\" width=\"350\" height=\"166\" srcset=\"https:\/\/acquapurafiltro.com.br\/wp-content\/uploads\/2016\/09\/refil.jpg 350w, https:\/\/acquapurafiltro.com.br\/wp-content\/uploads\/2016\/09\/refil-300x142.jpg 300w\" sizes=\"auto, (max-width: 350px) 100vw, 350px\" \/><\/p>\n<\/div>\n<\/div><\/div><\/div><div id=\"pgc-34-0-1\"  class=\"panel-grid-cell\" ><div id=\"panel-34-0-1-0\" class=\"so-panel widget widget_sow-editor panel-first-child panel-last-child\" data-index=\"1\" ><div\n\t\t\t\n\t\t\tclass=\"so-widget-sow-editor so-widget-sow-editor-base\"\n\t\t\t\n\t\t>\n<div class=\"siteorigin-widget-tinymce textwidget\">\n\t<p><strong>REFIL ACQUAPURA<\/strong><\/p>\n<p>R$ 245,00<\/p>\n<p>O Refil Acquapura tem a dura\u00e7\u00e3o de aproximadamente 12 meses, dependendo da qualidade da \u00e1gua de seu bairro.<\/p>\n<p><strong>KIT FELTRO ( 3 pe\u00e7as )<\/strong><\/p>\n<p>R$ 15,00<\/p>\n<p><strong>PROMO\u00c7\u00c3O<\/strong> (2 kit Feltro)<\/p>\n<p>R$ 25,00<\/p>\n<p><strong>PROMO\u00c7\u00c3O<\/strong> (Refil Acquapura + 2 Kit Feltro)<\/p>\n<p>R$ 270,00<\/p>\n<\/div>\n<\/div><\/div><\/div><\/div><div id=\"pg-34-1\"  class=\"panel-grid panel-no-style\" ><div id=\"pgc-34-1-0\"  class=\"panel-grid-cell\" ><div id=\"panel-34-1-0-0\" class=\"so-panel widget widget_sow-editor panel-first-child panel-last-child\" data-index=\"2\" ><div\n\t\t\t\n\t\t\tclass=\"so-widget-sow-editor so-widget-sow-editor-base\"\n\t\t\t\n\t\t>\n<div class=\"siteorigin-widget-tinymce textwidget\">\n\t<hr \/>\n<p>\u00a0<\/p>\n<\/div>\n<\/div><\/div><\/div><\/div><div id=\"pg-34-2\"  class=\"panel-grid panel-no-style\" ><div id=\"pgc-34-2-0\"  class=\"panel-grid-cell\" ><div id=\"panel-34-2-0-0\" class=\"so-panel widget widget_sow-editor panel-first-child panel-last-child\" data-index=\"3\" ><div\n\t\t\t\n\t\t\tclass=\"so-widget-sow-editor so-widget-sow-editor-base\"\n\t\t\t\n\t\t>\n<div class=\"siteorigin-widget-tinymce textwidget\">\n\t<p><img loading=\"lazy\" decoding=\"async\" class=\"wp-image-22 size-full aligncenter\" src=\"http:\/\/acquapurafiltro.com.br\/wp-content\/uploads\/2016\/09\/crystal.jpg\" alt=\"crystal\" width=\"100\" height=\"200\" \/><\/p>\n<\/div>\n<\/div><\/div><\/div><div id=\"pgc-34-2-1\"  class=\"panel-grid-cell\" ><div id=\"panel-34-2-1-0\" class=\"so-panel widget widget_sow-editor panel-first-child panel-last-child\" data-index=\"4\" ><div\n\t\t\t\n\t\t\tclass=\"so-widget-sow-editor so-widget-sow-editor-base\"\n\t\t\t\n\t\t>\n<div class=\"siteorigin-widget-tinymce textwidget\">\n\t<p><strong>ACQUAPURA CRYSTAL<\/strong><br \/>\nTampa, base e copo transparente<\/p>\n<p>\u00c0 Vista R$ 580,00<br \/>\nou<br \/>\n4 x R$ 150,00<\/p>\n<\/div>\n<\/div><\/div><\/div><\/div><div id=\"pg-34-3\"  class=\"panel-grid panel-no-style\" ><div id=\"pgc-34-3-0\"  class=\"panel-grid-cell\" ><div id=\"panel-34-3-0-0\" class=\"so-panel widget widget_sow-editor panel-first-child panel-last-child\" data-index=\"5\" ><div\n\t\t\t\n\t\t\tclass=\"so-widget-sow-editor so-widget-sow-editor-base\"\n\t\t\t\n\t\t>\n<div class=\"siteorigin-widget-tinymce textwidget\">\n\t<hr \/>\n<p>\u00a0<\/p>\n<\/div>\n<\/div><\/div><\/div><\/div><div id=\"pg-34-4\"  class=\"panel-grid panel-no-style\" ><div id=\"pgc-34-4-0\"  class=\"panel-grid-cell\" ><div id=\"panel-34-4-0-0\" class=\"so-panel widget widget_sow-editor panel-first-child panel-last-child\" data-index=\"6\" ><div\n\t\t\t\n\t\t\tclass=\"so-widget-sow-editor so-widget-sow-editor-base\"\n\t\t\t\n\t\t>\n<div class=\"siteorigin-widget-tinymce textwidget\">\n\t<div class=\"ufbl-form-wrapper ufbl-default-template\" style=\"width:100%;\">\r\n    <form method=\"post\" action=\"\" class=\"ufbl-front-form\">\r\n\t\t<div class=\"ufbl-form-title\">Acquapura<\/div>\t\t\t\t<input type=\"hidden\" name=\"form_id\" value=\"1\" class=\"form-id\"\/>\r\n\t\t\t\t\t\t\t\t<div class=\"ufbl-form-field-wrap \" >\r\n\t\t\t\t\t\t\t<label>Nome<\/label>\r\n\t\t\t\t\t\t\t<div class=\"ufbl-form-field\">\r\n\t\t\t\t\t\t\t\t<input type=\"text\" name=\"ufbl_field_1\" class=\"ufbl-form-textfield ufbl-required\" data-max-chars=\"\" data-min-chars=\"\" data-error-message=\"Digite seu nome\" placeholder=\"\" value=\"\"\/>\r\n\t\t\t\t\t\t\t\t<div class=\"ufbl-error\"  data-error-key=\"ufbl_field_1\"><\/div>\r\n\t\t\t\t\t\t\t<\/div>\r\n\t\t\t\t\t\t<\/div>\r\n\t\t\t\t\t\t\t\t\t\t\t\t<div class=\"ufbl-form-field-wrap \" >\r\n\t\t\t\t\t\t\t<label>E-mail<\/label>\r\n\t\t\t\t\t\t\t<div class=\"ufbl-form-field\">\r\n\t\t\t\t\t\t\t\t<input type=\"text\" name=\"ufbl_field_2\" class=\"ufbl-form-textfield ufbl-required\" data-max-chars=\"\" data-min-chars=\"\" data-error-message=\"Digite seu e-mail\" placeholder=\"\" value=\"\"\/>\r\n\t\t\t\t\t\t\t\t<div class=\"ufbl-error\"  data-error-key=\"ufbl_field_2\"><\/div>\r\n\t\t\t\t\t\t\t<\/div>\r\n\t\t\t\t\t\t<\/div>\r\n\t\t\t\t\t\t\t\t\t\t\t\t<div class=\"ufbl-form-field-wrap \" >\r\n\t\t\t\t\t\t\t<label>Telefone<\/label>\r\n\t\t\t\t\t\t\t<div class=\"ufbl-form-field\">\r\n\t\t\t\t\t\t\t\t<input type=\"text\" name=\"ufbl_field_3\" class=\"ufbl-form-textfield \" data-max-chars=\"\" data-min-chars=\"\" data-error-message=\"\" placeholder=\"\" value=\"\"\/>\r\n\t\t\t\t\t\t\t\t<div class=\"ufbl-error\"  data-error-key=\"ufbl_field_3\"><\/div>\r\n\t\t\t\t\t\t\t<\/div>\r\n\t\t\t\t\t\t<\/div>\r\n\t\t\t\t\t\t\t\t\t\t\t\t<div class=\"ufbl-form-field-wrap \" >\r\n\t\t\t\t\t\t\t<label>D\u00favidas e informa\u00e7\u00f5es<\/label>\r\n\t\t\t\t\t\t\t<div class=\"ufbl-form-field\">\r\n\t\t\t\t\t\t\t\t<input type=\"text\" name=\"ufbl_field_4\" class=\"ufbl-form-textfield \" data-max-chars=\"\" data-min-chars=\"\" data-error-message=\"\" placeholder=\"\" value=\"\"\/>\r\n\t\t\t\t\t\t\t\t<div class=\"ufbl-error\"  data-error-key=\"ufbl_field_4\"><\/div>\r\n\t\t\t\t\t\t\t<\/div>\r\n\t\t\t\t\t\t<\/div>\r\n\t\t\t\t\t\t\t\t\t\t\t\t<div class=\"ufbl-form-field-wrap \" >\r\n\t\t\t\t\t\t\t<div class=\"ufbl-form-field\">\r\n\t\t\t\t\t\t\t\t<input type=\"submit\" class=\"ufbl-form-submit\" name=\"ufbl_field_5\" value=\"Enviar\"\/>\r\n\t\t\t\t\t\t\t\t\t\t\t\t\t\t\t\t<span class=\"ufbl-form-loader\" style=\"display:none\"><\/span>\r\n\t\t\t\t\t\t\t<\/div>\r\n\t\t\t\t\t\t<\/div>\r\n\t\t\t\t\t\t\t\t<div class=\"ufbl-form-message\" style=\"display: none;\"><\/div>\r\n\r\n\t\t\t<\/form>\r\n\r\n<\/div>\r\n\r\n\n<\/div>\n<\/div><\/div><\/div><\/div><\/div>","protected":false},"excerpt":{"rendered":"<p>REFIL ACQUAPURA R$ 245,00 O Refil Acquapura tem a dura\u00e7\u00e3o de aproximadamente 12 meses, dependendo da qualidade da \u00e1gua de seu bairro. KIT FELTRO ( 3 pe\u00e7as ) R$ 15,00 PROMO\u00c7\u00c3O (2 kit Feltro) R$ 25,00 PROMO\u00c7\u00c3O (Refil Acquapura + 2 Kit Feltro) R$ 270,00 \u00a0<\/p>\n","protected":false},"author":1,"featured_media":0,"parent":0,"menu_order":0,"comment_status":"closed","ping_status":"closed","template":"","meta":{"footnotes":""},"class_list":["post-34","page","type-page","status-publish","hentry"],"_links":{"self":[{"href":"https:\/\/acquapurafiltro.com.br\/index.php\/wp-json\/wp\/v2\/pages\/34","targetHints":{"allow":["GET"]}}],"collection":[{"href":"https:\/\/acquapurafiltro.com.br\/index.php\/wp-json\/wp\/v2\/pages"}],"about":[{"href":"https:\/\/acquapurafiltro.com.br\/index.php\/wp-json\/wp\/v2\/types\/page"}],"author":[{"embeddable":true,"href":"https:\/\/acquapurafiltro.com.br\/index.php\/wp-json\/wp\/v2\/users\/1"}],"replies":[{"embeddable":true,"href":"https:\/\/acquapurafiltro.com.br\/index.php\/wp-json\/wp\/v2\/comments?post=34"}],"version-history":[{"count":26,"href":"https:\/\/acquapurafiltro.com.br\/index.php\/wp-json\/wp\/v2\/pages\/34\/revisions"}],"predecessor-version":[{"id":59,"href":"https:\/\/acquapurafiltro.com.br\/index.php\/wp-json\/wp\/v2\/pages\/34\/revisions\/59"}],"wp:attachment":[{"href":"https:\/\/acquapurafiltro.com.br\/index.php\/wp-json\/wp\/v2\/media?parent=34"}],"curies":[{"name":"wp","href":"https:\/\/api.w.org\/{rel}","templated":true}]}}